{"id":29,"date":"2023-12-15T13:13:18","date_gmt":"2023-12-15T12:13:18","guid":{"rendered":"https:\/\/www.imemsa.com\/?page_id=29"},"modified":"2025-04-30T13:36:30","modified_gmt":"2025-04-30T11:36:30","slug":"politica-de-calidad-y-medio-ambiente","status":"publish","type":"page","link":"https:\/\/www.imemsa.com\/es\/politica-de-calidad-y-medio-ambiente\/","title":{"rendered":"Pol\u00edtica de calidad y medio ambiente"},"content":{"rendered":"\n<article class=\"wp-block-group aligncenter is-style-section legal-page-pattern is-layout-constrained wp-block-group-is-layout-constrained\"><h1 class=\"legal-page-pattern__title wp-block-post-title\">Pol\u00edtica de calidad y medio ambiente<\/h1>\n\n\n<div class=\"wp-block-group legal-page-pattern__content is-layout-constrained wp-block-group-is-layout-constrained\">\n<p>Como continuidad de las acciones llevadas a cabo por la empresa desde la fecha de su creaci\u00f3n, en orden a satisfacer todas las expectativas de sus clientes, en relaci\u00f3n al servicio de sus pedidos y calidad; y dentro de un mercado cada vez m\u00e1s competitivo donde las necesidades y requisitos son cada vez mas precisos, siendo al mismo tiempo respetuosa con el medio ambiente gestionando adecuadamente los recursos naturales, esta Direcci\u00f3n ha tomado la decisi\u00f3n de adoptar una Pol\u00edtica de Calidad y Ambiental , basada en las Normas UNE-EN-ISO 9001:2015 e ISO 14001:2015, generalizada en todos los \u00e1mbitos de la empresa, pretendiendo al tiempo, la satisfacci\u00f3n de los clientes, la optimizaci\u00f3n de los medios y recursos disponibles, y la motivaci\u00f3n y satisfacci\u00f3n del personal integrante de la empresa.<\/p>\n\n\n\n<p>Los objetivos de la Pol\u00edtica de Calidad y Medio ambiente a aplicar en la empresa, se inscriben en estos objetivos principales:<\/p>\n\n\n\n<p>La satisfacci\u00f3n de las necesidades del Cliente, tanto expl\u00edcitas como impl\u00edcitas; y tanto en cuanto a los productos como a los servicios que realiza esta empresa.&nbsp;<\/p>\n\n\n\n<p>Conseguir aumentar la eficiencia y efectividad de la organizaci\u00f3n, hasta llegar a la optimizaci\u00f3n del uso de los recursos disponibles, con el menor coste posible, y consiguiendo la eliminaci\u00f3n de las no conformidades. Y la optimizaci\u00f3n de los recursos naturales as\u00ed como la reducci\u00f3n de la contaminaci\u00f3n.<\/p>\n\n\n\n<p>El desarrollo de las capacidades, habilidades y conocimientos de los trabajadores de la empresa, encaminados a su desarrollo personal, sensibilizaci\u00f3n por los aspectos de la Calidad y medio ambiente, aumento de la motivaci\u00f3n y satisfacci\u00f3n personal por el trabajo realizado.<\/p>\n\n\n\n<p>Para alcanzar estos objetivos la Direcci\u00f3n se compromete a trav\u00e9s de mejora continua:<\/p>\n\n\n\n<p>A hacer que estas pol\u00edticas sean conocidas y comprendidas, por todos los \u00e1mbitos de la organizaci\u00f3n.<\/p>\n\n\n\n<p>Cumplir con los requisitos legales del servicio y ambientales. Asumir de manera voluntaria compromisos adicionales a las obligaciones de Ley, que buscan contribuir al mejorar de las condiciones del ambiente y al Desarrollo Sostenible.<\/p>\n\n\n\n<p>Tambi\u00e9n siguiendo estas directrices se nombra un Responsable de la Calidad y Medio ambiente quien detentar\u00e1 la responsabilidad directa, por delegaci\u00f3n, de establecer los programas a llevar a cabo para instrumentalizar estas pol\u00edticas.<\/p>\n\n\n\n<p>Como base para el seguimiento de la pol\u00edtica expresada, se ha redactado el Manual que detalla la forma como se implementar\u00e1 el Sistema Integrado de calidad en las diferentes \u00e1reas de actuaci\u00f3n.<\/p>\n\n\n\n<p><em>Firmado La Direcci\u00f3n General<\/em><\/p>\n<\/div>\n<\/article>\n","protected":false},"excerpt":{"rendered":"<p>Como continuidad de las acciones llevadas a cabo por la empresa desde la fecha de su creaci\u00f3n, en orden a satisfacer todas las expectativas de sus clientes, en relaci\u00f3n al servicio de sus pedidos y calidad; y dentro de un mercado cada vez m\u00e1s competitivo donde las necesidades y requisitos son cada vez mas precisos, [&hellip;]<\/p>\n","protected":false},"author":1,"featured_media":0,"parent":0,"menu_order":21,"comment_status":"closed","ping_status":"closed","template":"","meta":{"_seopress_robots_primary_cat":"","_seopress_titles_title":"","_seopress_titles_desc":"","_seopress_robots_index":"yes","inline_featured_image":false,"footnotes":""},"class_list":["post-29","page","type-page","status-publish","hentry"],"_links":{"self":[{"href":"https:\/\/www.imemsa.com\/es\/wp-json\/wp\/v2\/pages\/29","targetHints":{"allow":["GET"]}}],"collection":[{"href":"https:\/\/www.imemsa.com\/es\/wp-json\/wp\/v2\/pages"}],"about":[{"href":"https:\/\/www.imemsa.com\/es\/wp-json\/wp\/v2\/types\/page"}],"author":[{"embeddable":true,"href":"https:\/\/www.imemsa.com\/es\/wp-json\/wp\/v2\/users\/1"}],"replies":[{"embeddable":true,"href":"https:\/\/www.imemsa.com\/es\/wp-json\/wp\/v2\/comments?post=29"}],"version-history":[{"count":0,"href":"https:\/\/www.imemsa.com\/es\/wp-json\/wp\/v2\/pages\/29\/revisions"}],"wp:attachment":[{"href":"https:\/\/www.imemsa.com\/es\/wp-json\/wp\/v2\/media?parent=29"}],"curies":[{"name":"wp","href":"https:\/\/api.w.org\/{rel}","templated":true}]}}