{"id":28,"date":"2023-12-15T12:46:16","date_gmt":"2023-12-15T11:46:16","guid":{"rendered":"https:\/\/www.imemsa.com\/?page_id=28"},"modified":"2025-04-30T13:36:01","modified_gmt":"2025-04-30T11:36:01","slug":"politica-de-privacidad","status":"publish","type":"page","link":"https:\/\/www.imemsa.com\/es\/politica-de-privacidad\/","title":{"rendered":"Pol\u00edtica de privacidad"},"content":{"rendered":"\n<article class=\"wp-block-group aligncenter is-style-section legal-page-pattern is-layout-constrained wp-block-group-is-layout-constrained\"><h1 class=\"legal-page-pattern__title wp-block-post-title\">Pol\u00edtica de privacidad<\/h1>\n\n\n<div class=\"wp-block-group legal-page-pattern__content is-layout-constrained wp-block-group-is-layout-constrained\">\n<h3 class=\"wp-block-heading\"><strong>Responsables del tratamiento<\/strong>:<\/h3>\n\n\n\n<p><strong>INDUSTRIAL DE MONTAJES ELECTROMEC\u00c1NICOS, S.A.<\/strong><strong>&nbsp;(IMEMSA).<\/strong><br>Domicilio Social: c\/ Vilamajor, 17 Pol. Ind. Cal Pinxo, 08410 Vilanova del Vall\u00e8s (Barcelona).<br>C.I.F.: A-08722159<\/p>\n\n\n\n<h3 class=\"wp-block-heading\"><strong>Bases legitimadoras<\/strong><\/h3>\n\n\n\n<p>(a) Ejecuci\u00f3n de un contrato en el que el interesado es parte.<br>(b) Cumplimiento de las obligaciones legales vigentes a las que IMEMSA se encuentra sujeta.<br>(c) Inter\u00e9s leg\u00edtimo.<br>(d) Consentimiento.<\/p>\n\n\n\n<h3 class=\"wp-block-heading\"><strong>Datos Personales<\/strong><\/h3>\n\n\n<div class=\"wp-block-list\">\n<ul class=\"wp-block-list\">\n<li>Detalles Identificativos: nombre y apellidos, firma, y, en caso de solicitar factura, N.I.F.<\/li>\n\n\n\n<li>Datos de Contacto: correo electr\u00f3nico, tel\u00e9fono de contacto y provincia.<\/li>\n\n\n\n<li>Datos para el pago del servicio: tarjeta de d\u00e9bito o cr\u00e9dito, cuentas bancarias (en caso de facturaci\u00f3n diferida).<\/li>\n\n\n\n<li>En caso de clientes personas jur\u00eddicas: nombres y apellidos, tel\u00e9fono y datos de contacto del representante o persona de contacto en la sociedad.<\/li>\n<\/ul>\n<\/div>\n\n\n<h3 class=\"wp-block-heading\"><strong>Destinatarios<\/strong><\/h3>\n\n\n\n<p>Empresas del grupo IMEMSA y otros prestadores de servicios;<\/p>\n\n\n\n<p>Fuerzas y cuerpos de seguridad, jueces y tribunales, entidades reguladoras, autoridades gubernamentales u otros terceros competentes.<\/p>\n\n\n\n<h3 class=\"wp-block-heading\"><strong>Transferencias internacionales<\/strong><\/h3>\n\n\n\n<p>Sus Datos Personales pueden ser transferidos a, almacenados, y tratados en pa\u00edses que no proporcionan un nivel adecuado de protecci\u00f3n de los datos personales en virtud de la legislaci\u00f3n de la Uni\u00f3n Europea. Hemos implementado garant\u00edas adecuadas (en particular, compromisos contractuales) a fin de garantizar que sus datos est\u00e9n protegidos de manera adecuada,<\/p>\n\n\n\n<h3 class=\"wp-block-heading\"><strong>Derechos<\/strong><\/h3>\n\n\n\n<p>Entre otros, los derechos de acceso, rectificaci\u00f3n y supresi\u00f3n de los datos personales, el derecho de oponerse al tratamiento de los datos personales y de revocar su consentimiento. En particular, Usted tiene el derecho a oponerse al tratamiento de sus datos personales, en cualquier momento, cuando el mismo se base en el inter\u00e9s leg\u00edtimo de IMEMSA.&nbsp;<\/p>\n\n\n\n<p>El ejercicio de estos derechos podr\u00e1 hacerse efectivo escribiendo un correo electr\u00f3nico, incluyendo una copia de su DNI o documento de identidad a&nbsp;<a href=\"mailto:imemsa@imemsa.com\">imemsa@imemsa.com<\/a>&nbsp;<\/p>\n\n\n\n<h3 class=\"wp-block-heading\"><strong>Informaci\u00f3n ampliada<\/strong><\/h3>\n\n\n\n<p>Le recomendamos que lea esta informaci\u00f3n detenidamente.<\/p>\n\n\n<div class=\"wp-block-list\">\n<ol class=\"classe ejemplo wp-block-list\">\n<li><strong> \u00bfQu\u00e9 Datos Personales tratamos?<\/strong><div class=\"wp-block-list\">\n<ul class=\"wp-block-list\">\n<li><strong>Datos Personales que Usted nos proporciona directamente<\/strong><\/li>\n\n\n\n<li><strong>Datos Personales que recabamos de otras fuentes<\/strong><\/li>\n\n\n\n<li><strong>Datos personales que usted nos proporcione sobre terceros<\/strong><\/li>\n<\/ul>\n<\/div><\/li>\n\n\n\n<li><strong>C\u00f3mo y con qu\u00e9 bases tratamos sus Datos Personales?<\/strong><\/li>\n\n\n\n<li><strong>\u00bfQu\u00e9 derechos tiene sobre sus Datos Personales?<\/strong><\/li>\n\n\n\n<li><strong>\u00bfC\u00f3mo compartimos sus Datos Personales y con qui\u00e9n?<\/strong><\/li>\n\n\n\n<li><strong>\u00bfC\u00f3mo protegemos sus Datos Personales?<\/strong><\/li>\n\n\n\n<li><strong>\u00bfDurante cu\u00e1nto tiempo conservamos sus Datos Personales?<\/strong><\/li>\n\n\n\n<li><strong>Transferencias internacionales de datos<\/strong><\/li>\n\n\n\n<li><strong>P\u00f3ngase en contacto con Nosotros<\/strong><\/li>\n\n\n\n<li><strong>Cambios a esta Pol\u00edtica de Privacidad<\/strong><\/li>\n<\/ol>\n<\/div>\n\n\n<p><strong>IMEMSA<\/strong>&nbsp;recabar\u00e1 y tratar\u00e1 respectivamente los datos personales en su condici\u00f3n de Responsable del tratamiento. Usted puede ponerse en contacto con&nbsp;<strong>IMEMSA<\/strong>&nbsp;a trav\u00e9s de los canales habilitados e indicados en el apartado 8 de esta Pol\u00edtica.&nbsp;<br><br>La presente Pol\u00edtica de Privacidad es de aplicaci\u00f3n a todos los datos personales que recabamos sobre Usted en relaci\u00f3n con la gesti\u00f3n del servicio de inspecci\u00f3n t\u00e9cnica de veh\u00edculos as\u00ed como el uso de nuestra p\u00e1gina web. \u00ab<strong>Datos Personales<\/strong>\u00bb significa toda informaci\u00f3n sobre una persona f\u00edsica identificada o identificable (\u00abel interesado\u00bb); se considerar\u00e1 persona f\u00edsica identificable toda persona cuya identidad pueda determinarse, directa o indirectamente, en particular mediante un identificador, como por ejemplo un nombre, un n\u00famero de identificaci\u00f3n, un identificador en l\u00ednea o uno o varios elementos propios de la identidad f\u00edsica, cultural o social de dicha persona.<\/p>\n\n\n\n<h4 class=\"wp-block-heading\"><br><strong>1. \u00bfQU\u00c9 DATOS PERSONALES RECABAMOS?<\/strong><\/h4>\n\n\n\n<p>Recabamos sus Datos Personales a trav\u00e9s de diversas fuentes incluyendo aquella informaci\u00f3n que Usted nos facilita directamente al contactar con Nosotros mediante el formulario de contacto en los t\u00e9rminos descritos a continuaci\u00f3n:&nbsp;<\/p>\n\n\n\n<p>Tenga en cuenta que debemos recabar ciertos datos personales por imperativo legal, o como consecuencia de la relaci\u00f3n contractual que hayamos entablado con Usted. La negativa a proporcionar dicha informaci\u00f3n podr\u00e1 prevenir o retrasar el cumplimiento de tales obligaciones. Al recabar sus datos personales le informaremos con respecto a la obligatoriedad de proporcionar dichos datos as\u00ed como sobre las consecuencias de no hacerlo.&nbsp;<\/p>\n\n\n\n<h4 class=\"wp-block-heading\"><strong>1.1 Datos Personales que Usted nos proporciona directamente<\/strong>&nbsp;<\/h4>\n\n\n\n<p>Las categor\u00edas de Datos Personales que recabaremos directamente de Usted incluyen:<\/p>\n\n\n<div class=\"wp-block-list\">\n<ul class=\"wp-block-list\">\n<li>(a) Detalles Identificativos: Nombre(s) y Apellido(s); firma, N.I.F. (para la emisi\u00f3n de facturas).<\/li>\n\n\n\n<li>(b) Datos de Contacto: n\u00famero de tel\u00e9fono; correo electr\u00f3nico y provincia de residencia.<\/li>\n\n\n\n<li>(c) Datos para el pago del servicio: n\u00famero de tarjeta de d\u00e9bito o cr\u00e9dito; n\u00famero de cuenta bancaria (en caso de facturaci\u00f3n diferida).<\/li>\n\n\n\n<li>&nbsp;(d) En caso de clientes personas jur\u00eddicas: nombre y apellidos; correo electr\u00f3nico; direcci\u00f3n y tel\u00e9fono de los empleados, representantes o personas de contacto.<\/li>\n\n\n\n<li>(e) Informaci\u00f3n que recabamos de forma autom\u00e1tica a trav\u00e9s de cookies u otras tecnolog\u00edas de identificaci\u00f3n de dispositivos. Podr\u00e1 encontrar informaci\u00f3n adicional sobre el uso de las Cookies y Tecnolog\u00edas de Identificaci\u00f3n en la Pol\u00edtica de Cookies.<\/li>\n<\/ul>\n<\/div>\n\n\n<h4 class=\"wp-block-heading\"><strong>1.2 Datos personales que usted nos proporcione sobre terceros<\/strong><\/h4>\n\n\n\n<p>Cuando usted proporciona a&nbsp;<strong>IMEMSA<\/strong>&nbsp;datos personales, como informaci\u00f3n de contacto o cualquier otro dato relativo a terceras personas, usted ser\u00e1 directamente responsable de informar a esas personas sobre sus derechos y de obtener su consentimiento expl\u00edcito, cuando ello resulte necesario, con respecto al tratamiento (incluidas las cesiones) de sus datos personales, seg\u00fan se considere necesario y conforme a la legislaci\u00f3n local pertinente en materia de protecci\u00f3n de datos, tal y como se establece en esta pol\u00edtica.<\/p>\n\n\n\n<h4 class=\"wp-block-heading\"><strong>2. \u00bfQU\u00c9 DERECHOS TIENE SOBRE SUS DATOS PERSONALES?<\/strong>&nbsp;<\/h4>\n\n\n\n<p>Usted tiene ciertos derechos en relaci\u00f3n con sus Datos Personales, sin perjuicio de lo dispuesto por la legislaci\u00f3n local. Dichos derechos incluyen:<\/p>\n\n\n<div class=\"wp-block-list\">\n<ul class=\"wp-block-list\">\n<li>Saber c\u00f3mo estamos tratando sus Datos Personales y acceder a aquellos Datos Personales que&nbsp;<strong>IMEMSA<\/strong>&nbsp;u otras sociedades del su grupo tienen sobre Usted, seg\u00fan el caso;<\/li>\n\n\n\n<li>Solicitar la rectificaci\u00f3n de Datos Personales inexactos o incompletos;<\/li>\n\n\n\n<li>Solicitar la supresi\u00f3n de sus Datos Personales cuando estos ya no sean necesarios para los fines para los que fueron recabados, de acuerdo con la legislaci\u00f3n aplicable;<\/li>\n\n\n\n<li>Limitar el tratamiento de sus Datos Personales, bajo determinadas circunstancias (en cuyo caso \u00fanicamente trataremos los Datos Personales para el ejercicio y\/o la defensa de los derechos de&nbsp;<strong>IMEMSA<\/strong>, seg\u00fan sea el caso);<\/li>\n\n\n\n<li>Oponerse al tratamiento de sus Datos Personales, teniendo en cuenta determinadas circunstancias y por motivos relacionados con su situaci\u00f3n particular (en cuyo caso \u00fanicamente trataremos los Datos Personales por razones leg\u00edtimas imperativas o para el ejercicio y\/o la defensa de los derechos de&nbsp;<strong>IMEMSA<\/strong>, seg\u00fan sea el caso );&nbsp;<br>Esto incluye su derecho a oponerse, en cualquier momento, por motivos relacionados con su situaci\u00f3n particular, a que tratemos sus Datos Personales sobre la base de nuestros intereses leg\u00edtimos o de un tercero, en cuyo caso dejaremos de tratar sus Datos Personales a menos que podamos basarnos en razones leg\u00edtimas para ello.<\/li>\n\n\n\n<li>Ejercer su derecho a la portabilidad de los datos, que le permitir\u00e1 recibir y reutilizar los Datos Personales en un formato electr\u00f3nico utilizable para sus propios fines y para diferentes servicios sin impedimento para su utilizaci\u00f3n, incluyendo su transmisi\u00f3n a un tercero.<\/li>\n\n\n\n<li>Revocar, en cualquier momento, el consentimiento que haya prestado en relaci\u00f3n con un tratamiento determinado.<\/li>\n<\/ul>\n<\/div>\n\n\n<p>Le recomendamos que se ponga en contacto con nosotros para actualizar o corregir su informaci\u00f3n personal en cuanto esta cambie, o si los Datos Personales que tenemos sobre Usted son inexactos.&nbsp;<br><br><strong>IMEMSA<\/strong>, seg\u00fan sea el caso, se compromete a proteger sus Datos Personales seg\u00fan lo expuesto en la presente Pol\u00edtica de Privacidad, y en virtud de la legislaci\u00f3n aplicable. Si desea realizar alguna consulta o quiere solicitar informaci\u00f3n adicional sobre c\u00f3mo ejercer sus derechos, no dude en ponerse en contacto con nosotros a trav\u00e9s del siguiente correo electr\u00f3nico:&nbsp;<a href=\"mailto:imemsa@imemsa.com\">imemsa@imemsa.com<\/a>, adjuntando una copia de su DNI o documento de identificaci\u00f3n equivalente.<\/p>\n\n\n\n<p><br><strong>3. \u00bfC\u00d3MO COMPARTIMOS SUS DATOS PERSONALES Y CON QUI\u00c9N?<\/strong>&nbsp;<br><br><strong>IMEMSA<\/strong>&nbsp;compartir\u00e1 sus Datos Personales con terceros en las siguientes circunstancias:<\/p>\n\n\n<div class=\"wp-block-list\">\n<ul class=\"wp-block-list\">\n<li>(a)&nbsp;<strong>Prestadores de servicios y socios comerciales<\/strong>:. Permitiremos a nuestros prestadores de servicios y socios comerciales, que nos proporcionan servicios de, entre otros, atenci\u00f3n al cliente (por ejemplo, para el uso de call center, env\u00edos de SMS o de correos electr\u00f3nicos), administraci\u00f3n (por ej. Gesti\u00f3n de facturas), bancarios (por ej. puesta a disposici\u00f3n de pasarela de pagos para el cobro de los servicios a trav\u00e9s de tarjetas de d\u00e9bito o cr\u00e9dito), inform\u00e1ticos (por ej. gesti\u00f3n de bases de datos o softwares), de auditor\u00eda y prestaci\u00f3n de servicios relacionados con acreditaciones, as\u00ed como servicios fiscales, de seguros o legales, acceder a sus Datos Personales.<\/li>\n\n\n\n<li>(b)&nbsp;<strong>Entidades del grupo IMEMSA. IMEMSA<\/strong>&nbsp;puede compartir sus datos personales relativos a la facturaci\u00f3n del servicio que le hemos prestado, con otras compa\u00f1\u00edas pertenecientes al Grupo&nbsp;<strong>IMEMSA<\/strong>&nbsp;para fines de gesti\u00f3n econ\u00f3mica, fiscal, administrativa y de reporte e investigaci\u00f3n interna. (c)&nbsp;<strong>Fuerzas y cuerpos de seguridad, jueces y tribunales, entidades reguladoras, autoridades gubernamentales u otros terceros competentes<\/strong>. Podremos compartir sus Datos Personales con estos terceros cuando sea necesario para cumplir una obligaci\u00f3n legal o reglamentaria, o para proteger de cualquier otro modo nuestros propios derechos como tambi\u00e9n los derechos de terceros.<\/li>\n\n\n\n<li>(d)&nbsp;<strong>Compradores de activos y fusi\u00f3n<\/strong>. Compartiremos sus Datos Personales con cualquier tercero que compre, o al que transfiramos, la totalidad o la casi totalidad de nuestros activos y negocios o con aquellos con los que llevemos a cabo una fusi\u00f3n, consolidaci\u00f3n, integraci\u00f3n o reestructuraci\u00f3n similar. En caso de que se produzca dicha venta o transferencia, emplearemos todos los esfuerzos razonables para garantizar que la entidad a la que transferimos sus Datos Personales los trate de manera consistente con esta Pol\u00edtica de Privacidad.<\/li>\n<\/ul>\n<\/div>\n\n\n<p>Dado que operamos como parte de un negocio global, los destinatarios arriba mencionados pueden encontrarse fuera de su jurisdicci\u00f3n (o de aquella d\u00f3nde prestamos los servicios), incluidos terceros pa\u00edses fuera de la Uni\u00f3n Europea (\u00ab<strong>UE<\/strong>\u00ab) con respecto a los cuales se considera que no proporcionan un nivel adecuado de protecci\u00f3n de los Datos Personales. Por favor rem\u00edtase a la secci\u00f3n \u00abTransferencias Internacionales de Datos\u00bb para ampliar esta informaci\u00f3n.<\/p>\n\n\n\n<h4 class=\"wp-block-heading\"><strong>4. \u00bfC\u00d3MO PROTEGEMOS SUS DATOS PERSONALES?<\/strong>&nbsp;<\/h4>\n\n\n\n<p>Implementamos medidas t\u00e9cnicas y organizativas para garantizar un nivel de seguridad adecuado al riesgo para los Datos Personales tratados. Dichas medidas tienen por objeto garantizar la integridad continua y la confidencialidad de los Datos Personales. Evaluamos estas medidas peri\u00f3dicamente a fin de garantizar la seguridad del tratamiento.<\/p>\n\n\n\n<h4 class=\"wp-block-heading\"><strong>5. \u00bfDURANTE CU\u00c1NTO TIEMPO CONSERVAMOS SUS DATOS PERSONALES?<\/strong>&nbsp;<\/h4>\n\n\n\n<p>Conservaremos sus Datos Personales mientras mantengamos una relaci\u00f3n con Usted y durante un per\u00edodo de cinco (5) a\u00f1os a partir de ese momento. \u00danicamente conservaremos sus Datos Personales una vez haya transcurrido dicho lapso si estamos obligados a ello en cumplimiento de la ley, o en el caso de que existan reclamaciones o quejas pendientes que razonablemente requieran la conservaci\u00f3n de sus Datos Personales.&nbsp;<\/p>\n\n\n\n<p>En el caso de que la finalidad del tratamiento sea la participaci\u00f3n en sorteos o promociones similares, el per\u00edodo de conservaci\u00f3n se limitar\u00e1 al tiempo que medie desde su inscripci\u00f3n al sorteo y\/o a la promoci\u00f3n espec\u00edfica, hasta un (1) a\u00f1o despu\u00e9s de la celebraci\u00f3n y conclusi\u00f3n del\/los mismo\/s.<\/p>\n\n\n\n<h4 class=\"wp-block-heading\"><strong>6. TRANSFERENCIAS INTERNACIONALES DE DATOS<\/strong>&nbsp;<\/h4>\n\n\n\n<p>Sus Datos Personales pueden ser transferidos a, almacenados, y tratados en paises como por ejemplo Filipinas o Estados Unidos que no proporcionan un nivel adecuado de protecci\u00f3n de los datos personales en virtud de la legislaci\u00f3n de la Uni\u00f3n Europea.&nbsp;<\/p>\n\n\n\n<p>Hemos implementado garant\u00edas adecuadas (en particular, compromisos contractuales) de conformidad con los requisitos legales aplicables, a fin de garantizar que sus datos est\u00e9n protegidos de manera adecuada, en base a las cl\u00e1usulas contractuales tipo aprobadas por la Comisi\u00f3n Europea, que podr\u00e1 consultar en:<\/p>\n\n\n<div class=\"wp-block-list\">\n<ul class=\"wp-block-list\">\n<li>Cl\u00e1usulas contractuales tipo para la transferencia de datos personales de la Comunidad a terceros pa\u00edses (transferencias entre responsables del tratamiento):&nbsp;<a href=\"http:\/\/eur-lex.europa.eu\/legal-content\/ES\/TXT\/HTML\/?uri=CELEX:32004D0915&amp;from=EN\" target=\"_blank\" rel=\"noreferrer noopener\"><strong>Decisi\u00f3n 2004\/915\/CE<\/strong><\/a>.<\/li>\n\n\n\n<li>Cl\u00e1usulas contractuales tipo para la transferencia de datos personales a los encargados del tratamiento establecidos en terceros pa\u00edses:&nbsp;<a href=\"http:\/\/eur-lex.europa.eu\/legal-content\/ES\/TXT\/HTML\/?uri=CELEX:32010D0087&amp;from=en\" target=\"_blank\" rel=\"noreferrer noopener\"><strong>Decisi\u00f3n 2010\/81\/UE<\/strong><\/a>.<\/li>\n<\/ul>\n<\/div>\n\n\n<p>Para obtener m\u00e1s informaci\u00f3n sobre dichas garant\u00edas adecuadas, p\u00f3ngase en contacto con nosotros seg\u00fan se indica en en el apartado 8 de la presente Pol\u00edtica.<\/p>\n\n\n\n<h4 class=\"wp-block-heading\"><strong>7. P\u00d3NGASE EN CONTACTO CON NOSOTROS<\/strong>&nbsp;<\/h4>\n\n\n\n<p><strong>IMEMSA<\/strong>, seg\u00fan sea el caso, es el responsable del tratamiento de datos en relaci\u00f3n con los Datos Personales que recabamos y tratamos.&nbsp;<\/p>\n\n\n\n<p>Si tiene preguntas o dudas sobre el tratamiento de sus Datos Personales, p\u00f3ngase en contacto con nosotros a trav\u00e9s de&nbsp;<strong><u><a href=\"mailto:imemsa@imemsa.com\">imemsa@imemsa.com<\/a><\/u><\/strong>&nbsp;<\/p>\n\n\n\n<p>Estamos comprometidos a colaborar con Usted para obtener una resoluci\u00f3n justa con respecto a cualquier reclamaci\u00f3n o duda relacionada con la privacidad. No obstante, si considera que no hemos podido ayudarle con su reclamaci\u00f3n o duda, tendr\u00e1 derecho a presentar una reclamaci\u00f3n ante la Agencia Espa\u00f1ola de Protecci\u00f3n de Datos a trav\u00e9s de su p\u00e1gina web www.agpd.es.<\/p>\n\n\n\n<h4 class=\"wp-block-heading\"><strong>8. CAMBIOS A ESTA POL\u00cdTICA DE PRIVACIDAD<\/strong>&nbsp;<\/h4>\n\n\n\n<p>Usted tiene derecho a solicitar una copia de esta Pol\u00edtica de Privacidad utilizando los datos de contacto indicados anteriormente. Esta Pol\u00edtica de Privacidad est\u00e1 sujeta a cambios, seg\u00fan se estime necesario de vez en cuando.&nbsp;<\/p>\n\n\n\n<p>En caso de que modifiquemos esta Pol\u00edtica de Privacidad, le notificaremos los cambios en aquellos casos en los cuales los cambios a la Pol\u00edtica de Privacidad tengan un impacto fundamental en la naturaleza del tratamiento, o de alg\u00fan otro modo tengan un impacto sustancial sobre Usted, le notificaremos con suficiente antelaci\u00f3n para que tenga la oportunidad de ejercer sus derechos (por ejemplo, entre otros, oponerse al tratamiento).&nbsp;<\/p>\n\n\n\n<p>Asimismo, y en la medida en que&nbsp;<strong>IMEMSA<\/strong>&nbsp;se base en el consentimiento para llevar a cabo cualquiera de sus actividades de tratamiento, nos aseguraremos de solicitar su consentimiento cuando los cambios anteriormente mencionados puedan tener un impacto sustancial sobre el tratamiento en cuesti\u00f3n, antes de que dichos cambios se hagan efectivos.&nbsp;<br><br><strong>14 de Junio de 2018<\/strong><\/p>\n<\/div>\n<\/article>\n","protected":false},"excerpt":{"rendered":"<p>Responsables del tratamiento: INDUSTRIAL DE MONTAJES ELECTROMEC\u00c1NICOS, S.A.&nbsp;(IMEMSA).Domicilio Social: c\/ Vilamajor, 17 Pol. Ind. Cal Pinxo, 08410 Vilanova del Vall\u00e8s (Barcelona).C.I.F.: A-08722159 Bases legitimadoras (a) Ejecuci\u00f3n de un contrato en el que el interesado es parte.(b) Cumplimiento de las obligaciones legales vigentes a las que IMEMSA se encuentra sujeta.(c) Inter\u00e9s leg\u00edtimo.(d) Consentimiento. Datos Personales Destinatarios [&hellip;]<\/p>\n","protected":false},"author":1,"featured_media":0,"parent":0,"menu_order":18,"comment_status":"closed","ping_status":"closed","template":"","meta":{"_seopress_robots_primary_cat":"","_seopress_titles_title":"","_seopress_titles_desc":"","_seopress_robots_index":"yes","inline_featured_image":false,"footnotes":""},"class_list":["post-28","page","type-page","status-publish","hentry"],"_links":{"self":[{"href":"https:\/\/www.imemsa.com\/es\/wp-json\/wp\/v2\/pages\/28","targetHints":{"allow":["GET"]}}],"collection":[{"href":"https:\/\/www.imemsa.com\/es\/wp-json\/wp\/v2\/pages"}],"about":[{"href":"https:\/\/www.imemsa.com\/es\/wp-json\/wp\/v2\/types\/page"}],"author":[{"embeddable":true,"href":"https:\/\/www.imemsa.com\/es\/wp-json\/wp\/v2\/users\/1"}],"replies":[{"embeddable":true,"href":"https:\/\/www.imemsa.com\/es\/wp-json\/wp\/v2\/comments?post=28"}],"version-history":[{"count":0,"href":"https:\/\/www.imemsa.com\/es\/wp-json\/wp\/v2\/pages\/28\/revisions"}],"wp:attachment":[{"href":"https:\/\/www.imemsa.com\/es\/wp-json\/wp\/v2\/media?parent=28"}],"curies":[{"name":"wp","href":"https:\/\/api.w.org\/{rel}","templated":true}]}}